{"id":1022,"date":"2023-08-23T20:59:35","date_gmt":"2023-08-24T00:59:35","guid":{"rendered":"https:\/\/darka.cl\/?post_type=product&#038;p=1022"},"modified":"2025-04-15T14:57:42","modified_gmt":"2025-04-15T18:57:42","slug":"boos-bottled","status":"publish","type":"product","link":"https:\/\/darka.cl\/index.php\/producto\/boos-bottled\/","title":{"rendered":"BOOS BOTTLED"},"content":{"rendered":"<p>Con un aroma distintivo y elegante, se caracteriza por su combinaci\u00f3n de notas frescas, frutales y amaderadas, que crean una fragancia vers\u00e1til y sofisticada. Su equilibrio entre lo cl\u00e1sico y lo contempor\u00e1neo ha hecho que sea una elecci\u00f3n popular para diferentes ocasiones.<\/p>\n","protected":false},"excerpt":{"rendered":"<p>Eau de Parfum 100 ml.<\/p>\n","protected":false},"featured_media":1020,"comment_status":"open","ping_status":"closed","template":"","meta":[],"product_brand":[],"product_cat":[23],"product_tag":[51,39,58,41],"class_list":{"0":"post-1022","1":"product","2":"type-product","3":"status-publish","4":"has-post-thumbnail","6":"product_cat-hombres","7":"product_tag-aroma-fresco","8":"product_tag-duradero-aroma-elegante","9":"product_tag-elegante-y-sofisticado","10":"product_tag-estilo-moderno","12":"first","13":"outofstock","14":"sale","15":"taxable","16":"shipping-taxable","17":"purchasable","18":"product-type-simple"},"_links":{"self":[{"href":"https:\/\/darka.cl\/index.php\/wp-json\/wp\/v2\/product\/1022","targetHints":{"allow":["GET"]}}],"collection":[{"href":"https:\/\/darka.cl\/index.php\/wp-json\/wp\/v2\/product"}],"about":[{"href":"https:\/\/darka.cl\/index.php\/wp-json\/wp\/v2\/types\/product"}],"replies":[{"embeddable":true,"href":"https:\/\/darka.cl\/index.php\/wp-json\/wp\/v2\/comments?post=1022"}],"wp:featuredmedia":[{"embeddable":true,"href":"https:\/\/darka.cl\/index.php\/wp-json\/wp\/v2\/media\/1020"}],"wp:attachment":[{"href":"https:\/\/darka.cl\/index.php\/wp-json\/wp\/v2\/media?parent=1022"}],"wp:term":[{"taxonomy":"product_brand","embeddable":true,"href":"https:\/\/darka.cl\/index.php\/wp-json\/wp\/v2\/product_brand?post=1022"},{"taxonomy":"product_cat","embeddable":true,"href":"https:\/\/darka.cl\/index.php\/wp-json\/wp\/v2\/product_cat?post=1022"},{"taxonomy":"product_tag","embeddable":true,"href":"https:\/\/darka.cl\/index.php\/wp-json\/wp\/v2\/product_tag?post=1022"}],"curies":[{"name":"wp","href":"https:\/\/api.w.org\/{rel}","templated":true}]}}