{"id":1069,"date":"2023-10-01T15:50:31","date_gmt":"2023-10-01T19:50:31","guid":{"rendered":"https:\/\/darka.cl\/?post_type=product&#038;p=1069"},"modified":"2026-04-08T20:49:31","modified_gmt":"2026-04-09T00:49:31","slug":"valiant-pour-homme-2","status":"publish","type":"product","link":"https:\/\/darka.cl\/index.php\/producto\/valiant-pour-homme-2\/","title":{"rendered":"VALIANT POUR HOMME"},"content":{"rendered":"<p>Esta fragancia tiene notas de salida c\u00edtricas y picantes, seguidas de un coraz\u00f3n de cuero y vainilla, lo que le da un car\u00e1cter distintivo y duradero. Se caracteriza por ser una fragancia vers\u00e1til, adecuada tanto para el d\u00eda como para la noche, y es apreciada por su equilibrio entre frescura y calidez.<\/p>\n","protected":false},"excerpt":{"rendered":"<p>Eau de Parfum 100 ml.<\/p>\n","protected":false},"featured_media":1065,"comment_status":"open","ping_status":"closed","template":"","meta":[],"product_brand":[],"product_cat":[23],"product_tag":[39,58,46],"class_list":{"0":"post-1069","1":"product","2":"type-product","3":"status-publish","4":"has-post-thumbnail","6":"product_cat-hombres","7":"product_tag-duradero-aroma-elegante","8":"product_tag-elegante-y-sofisticado","9":"product_tag-fragancia-distintiva","11":"first","12":"outofstock","13":"sale","14":"taxable","15":"shipping-taxable","16":"purchasable","17":"product-type-simple"},"_links":{"self":[{"href":"https:\/\/darka.cl\/index.php\/wp-json\/wp\/v2\/product\/1069","targetHints":{"allow":["GET"]}}],"collection":[{"href":"https:\/\/darka.cl\/index.php\/wp-json\/wp\/v2\/product"}],"about":[{"href":"https:\/\/darka.cl\/index.php\/wp-json\/wp\/v2\/types\/product"}],"replies":[{"embeddable":true,"href":"https:\/\/darka.cl\/index.php\/wp-json\/wp\/v2\/comments?post=1069"}],"wp:featuredmedia":[{"embeddable":true,"href":"https:\/\/darka.cl\/index.php\/wp-json\/wp\/v2\/media\/1065"}],"wp:attachment":[{"href":"https:\/\/darka.cl\/index.php\/wp-json\/wp\/v2\/media?parent=1069"}],"wp:term":[{"taxonomy":"product_brand","embeddable":true,"href":"https:\/\/darka.cl\/index.php\/wp-json\/wp\/v2\/product_brand?post=1069"},{"taxonomy":"product_cat","embeddable":true,"href":"https:\/\/darka.cl\/index.php\/wp-json\/wp\/v2\/product_cat?post=1069"},{"taxonomy":"product_tag","embeddable":true,"href":"https:\/\/darka.cl\/index.php\/wp-json\/wp\/v2\/product_tag?post=1069"}],"curies":[{"name":"wp","href":"https:\/\/api.w.org\/{rel}","templated":true}]}}