{"id":1241,"date":"2023-12-28T20:15:11","date_gmt":"2023-12-29T00:15:11","guid":{"rendered":"https:\/\/darka.cl\/?post_type=product&#038;p=1241"},"modified":"2025-04-15T15:45:36","modified_gmt":"2025-04-15T19:45:36","slug":"golden-wild-nature-2","status":"publish","type":"product","link":"https:\/\/darka.cl\/index.php\/producto\/golden-wild-nature-2\/","title":{"rendered":"GOLDEN WILD NATURE"},"content":{"rendered":"<p>La composici\u00f3n de la fragancia incluye notas de orqu\u00eddea, vainilla, flor de azahar y \u00e9bano. Estos ingredientes combinados buscan crear una experiencia olfativa rica y seductora<\/p>\n<p>Es conocida por su elegancia y sofisticaci\u00f3n, es ideal para ocasiones especiales, eventos formales o noches elegantes. Su aroma intenso y duradero la hace adecuada para momentos en los que buscas destacar y dejar una impresi\u00f3n memorable.<\/p>\n","protected":false},"excerpt":{"rendered":"<p>Eau de Parfum de larga duraci\u00f3n 100ml.<\/p>\n","protected":false},"featured_media":1239,"comment_status":"open","ping_status":"closed","template":"","meta":[],"product_brand":[],"product_cat":[29],"product_tag":[],"class_list":{"0":"post-1241","1":"product","2":"type-product","3":"status-publish","4":"has-post-thumbnail","6":"product_cat-perfumes-de-mujer","8":"first","9":"outofstock","10":"sale","11":"taxable","12":"shipping-taxable","13":"purchasable","14":"product-type-simple"},"_links":{"self":[{"href":"https:\/\/darka.cl\/index.php\/wp-json\/wp\/v2\/product\/1241","targetHints":{"allow":["GET"]}}],"collection":[{"href":"https:\/\/darka.cl\/index.php\/wp-json\/wp\/v2\/product"}],"about":[{"href":"https:\/\/darka.cl\/index.php\/wp-json\/wp\/v2\/types\/product"}],"replies":[{"embeddable":true,"href":"https:\/\/darka.cl\/index.php\/wp-json\/wp\/v2\/comments?post=1241"}],"wp:featuredmedia":[{"embeddable":true,"href":"https:\/\/darka.cl\/index.php\/wp-json\/wp\/v2\/media\/1239"}],"wp:attachment":[{"href":"https:\/\/darka.cl\/index.php\/wp-json\/wp\/v2\/media?parent=1241"}],"wp:term":[{"taxonomy":"product_brand","embeddable":true,"href":"https:\/\/darka.cl\/index.php\/wp-json\/wp\/v2\/product_brand?post=1241"},{"taxonomy":"product_cat","embeddable":true,"href":"https:\/\/darka.cl\/index.php\/wp-json\/wp\/v2\/product_cat?post=1241"},{"taxonomy":"product_tag","embeddable":true,"href":"https:\/\/darka.cl\/index.php\/wp-json\/wp\/v2\/product_tag?post=1241"}],"curies":[{"name":"wp","href":"https:\/\/api.w.org\/{rel}","templated":true}]}}