{"id":1322,"date":"2024-02-06T18:59:56","date_gmt":"2024-02-06T22:59:56","guid":{"rendered":"https:\/\/darka.cl\/?post_type=product&#038;p=1322"},"modified":"2026-04-08T21:10:10","modified_gmt":"2026-04-09T01:10:10","slug":"real-pour-femme","status":"publish","type":"product","link":"https:\/\/darka.cl\/index.php\/producto\/real-pour-femme\/","title":{"rendered":"REAL POUR FEMME"},"content":{"rendered":"<p>Las notas principales de Real Pour Fmme incluyen mandarina italiana, flor de manzano, osmanto (una flor de origen asi\u00e1tico con un aroma similar al melocot\u00f3n), almizcle y almizcle blanco. Estas notas se combinan para crear un aroma fresco y refrescante con un toque de dulzura y calidez.<\/p>\n<p>La fragancia es ideal para el uso diario, especialmente durante los meses m\u00e1s c\u00e1lidos del a\u00f1o. Su aroma ligero y juvenil la hace perfecta para cualquier ocasi\u00f3n, ya sea para ir a la escuela, al trabajo o para una salida informal con amigos.<\/p>\n","protected":false},"excerpt":{"rendered":"<p>Eau de Parfum 100 ml.<\/p>\n","protected":false},"featured_media":1323,"comment_status":"open","ping_status":"closed","template":"","meta":[],"product_brand":[],"product_cat":[29],"product_tag":[],"class_list":{"0":"post-1322","1":"product","2":"type-product","3":"status-publish","4":"has-post-thumbnail","6":"product_cat-perfumes-de-mujer","8":"first","9":"instock","10":"sale","11":"taxable","12":"shipping-taxable","13":"purchasable","14":"product-type-simple"},"_links":{"self":[{"href":"https:\/\/darka.cl\/index.php\/wp-json\/wp\/v2\/product\/1322","targetHints":{"allow":["GET"]}}],"collection":[{"href":"https:\/\/darka.cl\/index.php\/wp-json\/wp\/v2\/product"}],"about":[{"href":"https:\/\/darka.cl\/index.php\/wp-json\/wp\/v2\/types\/product"}],"replies":[{"embeddable":true,"href":"https:\/\/darka.cl\/index.php\/wp-json\/wp\/v2\/comments?post=1322"}],"wp:featuredmedia":[{"embeddable":true,"href":"https:\/\/darka.cl\/index.php\/wp-json\/wp\/v2\/media\/1323"}],"wp:attachment":[{"href":"https:\/\/darka.cl\/index.php\/wp-json\/wp\/v2\/media?parent=1322"}],"wp:term":[{"taxonomy":"product_brand","embeddable":true,"href":"https:\/\/darka.cl\/index.php\/wp-json\/wp\/v2\/product_brand?post=1322"},{"taxonomy":"product_cat","embeddable":true,"href":"https:\/\/darka.cl\/index.php\/wp-json\/wp\/v2\/product_cat?post=1322"},{"taxonomy":"product_tag","embeddable":true,"href":"https:\/\/darka.cl\/index.php\/wp-json\/wp\/v2\/product_tag?post=1322"}],"curies":[{"name":"wp","href":"https:\/\/api.w.org\/{rel}","templated":true}]}}