{"id":1388,"date":"2024-03-09T17:57:15","date_gmt":"2024-03-09T21:57:15","guid":{"rendered":"https:\/\/darka.cl\/?post_type=product&#038;p=1388"},"modified":"2025-04-15T15:56:29","modified_gmt":"2025-04-15T19:56:29","slug":"madame-paris","status":"publish","type":"product","link":"https:\/\/darka.cl\/index.php\/producto\/madame-paris\/","title":{"rendered":"MADAME PARIS"},"content":{"rendered":"<p>Esta fragancia floral amaderada encarna la pasi\u00f3n y la sensualidad de la ciudad del amor, Par\u00eds.<\/p>\n<p>Las notas de salida de fresas dulces y frambuesas combinadas con la frescura de la bergamota crean un comienzo afrutado y vibrante. En el coraz\u00f3n, las notas de jazm\u00edn y peon\u00eda despliegan su feminidad y elegancia. Finalmente, las notas de fondo de pachul\u00ed blanco y almizcle blanco aportan calidez y suavidad a la composici\u00f3n.<\/p>\n","protected":false},"excerpt":{"rendered":"<p>Eau de Parfum 100 ml.<\/p>\n","protected":false},"featured_media":1391,"comment_status":"open","ping_status":"closed","template":"","meta":[],"product_brand":[],"product_cat":[29],"product_tag":[],"class_list":{"0":"post-1388","1":"product","2":"type-product","3":"status-publish","4":"has-post-thumbnail","6":"product_cat-perfumes-de-mujer","8":"first","9":"outofstock","10":"sale","11":"taxable","12":"shipping-taxable","13":"purchasable","14":"product-type-simple"},"_links":{"self":[{"href":"https:\/\/darka.cl\/index.php\/wp-json\/wp\/v2\/product\/1388","targetHints":{"allow":["GET"]}}],"collection":[{"href":"https:\/\/darka.cl\/index.php\/wp-json\/wp\/v2\/product"}],"about":[{"href":"https:\/\/darka.cl\/index.php\/wp-json\/wp\/v2\/types\/product"}],"replies":[{"embeddable":true,"href":"https:\/\/darka.cl\/index.php\/wp-json\/wp\/v2\/comments?post=1388"}],"wp:featuredmedia":[{"embeddable":true,"href":"https:\/\/darka.cl\/index.php\/wp-json\/wp\/v2\/media\/1391"}],"wp:attachment":[{"href":"https:\/\/darka.cl\/index.php\/wp-json\/wp\/v2\/media?parent=1388"}],"wp:term":[{"taxonomy":"product_brand","embeddable":true,"href":"https:\/\/darka.cl\/index.php\/wp-json\/wp\/v2\/product_brand?post=1388"},{"taxonomy":"product_cat","embeddable":true,"href":"https:\/\/darka.cl\/index.php\/wp-json\/wp\/v2\/product_cat?post=1388"},{"taxonomy":"product_tag","embeddable":true,"href":"https:\/\/darka.cl\/index.php\/wp-json\/wp\/v2\/product_tag?post=1388"}],"curies":[{"name":"wp","href":"https:\/\/api.w.org\/{rel}","templated":true}]}}