{"id":1504,"date":"2024-03-15T17:01:11","date_gmt":"2024-03-15T21:01:11","guid":{"rendered":"https:\/\/darka.cl\/?post_type=product&#038;p=1504"},"modified":"2024-08-15T11:10:44","modified_gmt":"2024-08-15T15:10:44","slug":"crema-nivea-men","status":"publish","type":"product","link":"https:\/\/darka.cl\/index.php\/producto\/crema-nivea-men\/","title":{"rendered":"CREMA NIVEA MEN"},"content":{"rendered":"<p>\u00a1Potencia tu piel con energ\u00eda y frescura con la crema Nivea Men Skyn Energy!<\/p>\n<p>\u00bfBuscas una piel revitalizada y llena de energ\u00eda? \u00a1No busques m\u00e1s! Nuestra crema Nivea Men Skyn Energy est\u00e1 dise\u00f1ada especialmente para hombres que desean una piel radiante y saludable todos los d\u00edas.<\/p>\n<p>Con su f\u00f3rmula innovadora, nuestra crema proporciona una hidrataci\u00f3n profunda y duradera, dejando la piel suave y flexible durante todo el d\u00eda. Su textura ligera y de r\u00e1pida absorci\u00f3n no deja residuos grasos, lo que la convierte en la elecci\u00f3n perfecta para hombres con un estilo de vida activo.<\/p>\n<p>Adem\u00e1s, la crema Nivea Men Skyn Energy est\u00e1 enriquecida con ingredientes revitalizantes y antioxidantes que refrescan y energizan la piel al instante, dej\u00e1ndola con una sensaci\u00f3n de frescura y vitalidad que dura todo el d\u00eda.<\/p>\n<p>Ya sea despu\u00e9s del afeitado o como parte de tu rutina diaria de cuidado de la piel, nuestra crema Nivea Men Skyn Energy te ayudar\u00e1 a lucir y sentirte mejor que nunca.<\/p>\n<p>\u00a1Descubre el poder de la energ\u00eda para tu piel con Nivea Men Skyn Energy y prep\u00e1rate para brillar todos los d\u00edas!<\/p>\n","protected":false},"excerpt":{"rendered":"<p>Crema de rostro Nivea Men Skin Energy (promoci\u00f3n sin caja) 50ml.<\/p>\n","protected":false},"featured_media":1508,"comment_status":"open","ping_status":"closed","template":"","meta":[],"product_brand":[],"product_cat":[26],"product_tag":[],"class_list":{"0":"post-1504","1":"product","2":"type-product","3":"status-publish","4":"has-post-thumbnail","6":"product_cat-cremas-lociones","8":"first","9":"outofstock","10":"sale","11":"taxable","12":"shipping-taxable","13":"purchasable","14":"product-type-simple"},"_links":{"self":[{"href":"https:\/\/darka.cl\/index.php\/wp-json\/wp\/v2\/product\/1504","targetHints":{"allow":["GET"]}}],"collection":[{"href":"https:\/\/darka.cl\/index.php\/wp-json\/wp\/v2\/product"}],"about":[{"href":"https:\/\/darka.cl\/index.php\/wp-json\/wp\/v2\/types\/product"}],"replies":[{"embeddable":true,"href":"https:\/\/darka.cl\/index.php\/wp-json\/wp\/v2\/comments?post=1504"}],"wp:featuredmedia":[{"embeddable":true,"href":"https:\/\/darka.cl\/index.php\/wp-json\/wp\/v2\/media\/1508"}],"wp:attachment":[{"href":"https:\/\/darka.cl\/index.php\/wp-json\/wp\/v2\/media?parent=1504"}],"wp:term":[{"taxonomy":"product_brand","embeddable":true,"href":"https:\/\/darka.cl\/index.php\/wp-json\/wp\/v2\/product_brand?post=1504"},{"taxonomy":"product_cat","embeddable":true,"href":"https:\/\/darka.cl\/index.php\/wp-json\/wp\/v2\/product_cat?post=1504"},{"taxonomy":"product_tag","embeddable":true,"href":"https:\/\/darka.cl\/index.php\/wp-json\/wp\/v2\/product_tag?post=1504"}],"curies":[{"name":"wp","href":"https:\/\/api.w.org\/{rel}","templated":true}]}}