{"id":1587,"date":"2024-03-23T20:36:22","date_gmt":"2024-03-24T00:36:22","guid":{"rendered":"https:\/\/darka.cl\/?post_type=product&#038;p=1587"},"modified":"2024-10-16T10:54:14","modified_gmt":"2024-10-16T14:54:14","slug":"toallitas-humedas-sin-alcohol-ni-perfume-99-agua","status":"publish","type":"product","link":"https:\/\/darka.cl\/index.php\/producto\/toallitas-humedas-sin-alcohol-ni-perfume-99-agua\/","title":{"rendered":"TOALLITAS H\u00daMEDAS SIN ALCOHOL NI PERFUME 99% AGUA"},"content":{"rendered":"<p>\u00a1Cuida la piel sensible de tu beb\u00e9 con nuestras toallitas h\u00famedas sin alcohol ni perfume! Con un 99% de agua purificada, estas toallitas ofrecen una limpieza suave y refrescante sin irritar la piel delicada. Dise\u00f1adas para proporcionar una sensaci\u00f3n de frescura y comodidad, son la opci\u00f3n perfecta para mantener la piel de tu beb\u00e9 limpia y protegida en todo momento. \u00a1Conf\u00eda en la pureza y suavidad de nuestras toallitas h\u00famedas para el cuidado m\u00e1s delicado!<\/p>\n","protected":false},"excerpt":{"rendered":"<p>Toallas H\u00famedas sin alcohol ni perfume 99% agua, hipoalerg\u00e9nicas 60Unidades.<\/p>\n","protected":false},"featured_media":1588,"comment_status":"open","ping_status":"closed","template":"","meta":[],"product_brand":[],"product_cat":[64,63],"product_tag":[],"class_list":{"0":"post-1587","1":"product","2":"type-product","3":"status-publish","4":"has-post-thumbnail","6":"product_cat-cuidado-corporal","7":"product_cat-mundo-bebes","9":"first","10":"outofstock","11":"taxable","12":"shipping-taxable","13":"purchasable","14":"product-type-simple"},"_links":{"self":[{"href":"https:\/\/darka.cl\/index.php\/wp-json\/wp\/v2\/product\/1587","targetHints":{"allow":["GET"]}}],"collection":[{"href":"https:\/\/darka.cl\/index.php\/wp-json\/wp\/v2\/product"}],"about":[{"href":"https:\/\/darka.cl\/index.php\/wp-json\/wp\/v2\/types\/product"}],"replies":[{"embeddable":true,"href":"https:\/\/darka.cl\/index.php\/wp-json\/wp\/v2\/comments?post=1587"}],"wp:featuredmedia":[{"embeddable":true,"href":"https:\/\/darka.cl\/index.php\/wp-json\/wp\/v2\/media\/1588"}],"wp:attachment":[{"href":"https:\/\/darka.cl\/index.php\/wp-json\/wp\/v2\/media?parent=1587"}],"wp:term":[{"taxonomy":"product_brand","embeddable":true,"href":"https:\/\/darka.cl\/index.php\/wp-json\/wp\/v2\/product_brand?post=1587"},{"taxonomy":"product_cat","embeddable":true,"href":"https:\/\/darka.cl\/index.php\/wp-json\/wp\/v2\/product_cat?post=1587"},{"taxonomy":"product_tag","embeddable":true,"href":"https:\/\/darka.cl\/index.php\/wp-json\/wp\/v2\/product_tag?post=1587"}],"curies":[{"name":"wp","href":"https:\/\/api.w.org\/{rel}","templated":true}]}}