{"id":1631,"date":"2024-04-24T20:46:27","date_gmt":"2024-04-25T00:46:27","guid":{"rendered":"https:\/\/darka.cl\/?post_type=product&#038;p=1631"},"modified":"2026-03-10T11:01:12","modified_gmt":"2026-03-10T15:01:12","slug":"to-my-girl","status":"publish","type":"product","link":"https:\/\/darka.cl\/index.php\/producto\/to-my-girl\/","title":{"rendered":"TO MY GIRL"},"content":{"rendered":"<p>To my Girl es una fragancia ic\u00f3nica, conocida por capturar el esp\u00edritu juvenil y fresco, ofreciendo una experiencia olfativa vibrante y din\u00e1mica.<\/p>\n<p>Es una fragancia floral y frutal que se abre con notas c\u00edtricas y refrescantes de mandarina, toronja y grosella negra, que aportan una sensaci\u00f3n inicial de vitalidad y energ\u00eda. En el coraz\u00f3n de la fragancia, se encuentran notas florales suaves y femeninas de lirio, violeta, jazm\u00edn y gardenia, que a\u00f1aden una delicadeza encantadora y un toque rom\u00e1ntico. La base de la fragancia est\u00e1 compuesta por notas c\u00e1lidas de s\u00e1ndalo, cedro y magnolia, que le confieren una sensaci\u00f3n reconfortante y duradera.<\/p>\n","protected":false},"excerpt":{"rendered":"<p>Eau de Parfum 100 ml.<\/p>\n","protected":false},"featured_media":1632,"comment_status":"open","ping_status":"closed","template":"","meta":[],"product_brand":[],"product_cat":[29],"product_tag":[],"class_list":{"0":"post-1631","1":"product","2":"type-product","3":"status-publish","4":"has-post-thumbnail","6":"product_cat-perfumes-de-mujer","8":"first","9":"instock","10":"sale","11":"taxable","12":"shipping-taxable","13":"purchasable","14":"product-type-simple"},"_links":{"self":[{"href":"https:\/\/darka.cl\/index.php\/wp-json\/wp\/v2\/product\/1631","targetHints":{"allow":["GET"]}}],"collection":[{"href":"https:\/\/darka.cl\/index.php\/wp-json\/wp\/v2\/product"}],"about":[{"href":"https:\/\/darka.cl\/index.php\/wp-json\/wp\/v2\/types\/product"}],"replies":[{"embeddable":true,"href":"https:\/\/darka.cl\/index.php\/wp-json\/wp\/v2\/comments?post=1631"}],"wp:featuredmedia":[{"embeddable":true,"href":"https:\/\/darka.cl\/index.php\/wp-json\/wp\/v2\/media\/1632"}],"wp:attachment":[{"href":"https:\/\/darka.cl\/index.php\/wp-json\/wp\/v2\/media?parent=1631"}],"wp:term":[{"taxonomy":"product_brand","embeddable":true,"href":"https:\/\/darka.cl\/index.php\/wp-json\/wp\/v2\/product_brand?post=1631"},{"taxonomy":"product_cat","embeddable":true,"href":"https:\/\/darka.cl\/index.php\/wp-json\/wp\/v2\/product_cat?post=1631"},{"taxonomy":"product_tag","embeddable":true,"href":"https:\/\/darka.cl\/index.php\/wp-json\/wp\/v2\/product_tag?post=1631"}],"curies":[{"name":"wp","href":"https:\/\/api.w.org\/{rel}","templated":true}]}}