{"id":1747,"date":"2024-05-01T02:04:07","date_gmt":"2024-05-01T06:04:07","guid":{"rendered":"https:\/\/darka.cl\/?post_type=product&#038;p=1747"},"modified":"2025-04-15T16:08:30","modified_gmt":"2025-04-15T20:08:30","slug":"sexy-night","status":"publish","type":"product","link":"https:\/\/darka.cl\/index.php\/producto\/sexy-night\/","title":{"rendered":"SEXY NIGHT"},"content":{"rendered":"<p>Esta fragancia se clasifica como un oriental floral y es conocida por su aroma sofisticado y audaz. Se abre con notas de salida frescas y vibrantes de bergamota y naranja sanguina, que aportan una sensaci\u00f3n inicial de frescura y vitalidad. En el coraz\u00f3n de la fragancia, se encuentran notas florales de jazm\u00edn, flor de azahar y peon\u00eda, que a\u00f1aden una feminidad suave y rom\u00e1ntica. La base est\u00e1 compuesta por notas c\u00e1lidas y sensuales de miel, pachul\u00ed y caramelo, que le confieren una profundidad y sensualidad duraderas.<\/p>\n","protected":false},"excerpt":{"rendered":"<p>Eau de Parfum 100ml.<\/p>\n","protected":false},"featured_media":1748,"comment_status":"open","ping_status":"closed","template":"","meta":[],"product_brand":[],"product_cat":[29],"product_tag":[],"class_list":{"0":"post-1747","1":"product","2":"type-product","3":"status-publish","4":"has-post-thumbnail","6":"product_cat-perfumes-de-mujer","8":"first","9":"outofstock","10":"sale","11":"taxable","12":"shipping-taxable","13":"purchasable","14":"product-type-simple"},"_links":{"self":[{"href":"https:\/\/darka.cl\/index.php\/wp-json\/wp\/v2\/product\/1747","targetHints":{"allow":["GET"]}}],"collection":[{"href":"https:\/\/darka.cl\/index.php\/wp-json\/wp\/v2\/product"}],"about":[{"href":"https:\/\/darka.cl\/index.php\/wp-json\/wp\/v2\/types\/product"}],"replies":[{"embeddable":true,"href":"https:\/\/darka.cl\/index.php\/wp-json\/wp\/v2\/comments?post=1747"}],"wp:featuredmedia":[{"embeddable":true,"href":"https:\/\/darka.cl\/index.php\/wp-json\/wp\/v2\/media\/1748"}],"wp:attachment":[{"href":"https:\/\/darka.cl\/index.php\/wp-json\/wp\/v2\/media?parent=1747"}],"wp:term":[{"taxonomy":"product_brand","embeddable":true,"href":"https:\/\/darka.cl\/index.php\/wp-json\/wp\/v2\/product_brand?post=1747"},{"taxonomy":"product_cat","embeddable":true,"href":"https:\/\/darka.cl\/index.php\/wp-json\/wp\/v2\/product_cat?post=1747"},{"taxonomy":"product_tag","embeddable":true,"href":"https:\/\/darka.cl\/index.php\/wp-json\/wp\/v2\/product_tag?post=1747"}],"curies":[{"name":"wp","href":"https:\/\/api.w.org\/{rel}","templated":true}]}}