{"id":1962,"date":"2024-08-25T20:44:54","date_gmt":"2024-08-26T00:44:54","guid":{"rendered":"https:\/\/darka.cl\/?post_type=product&#038;p=1962"},"modified":"2025-04-15T14:37:34","modified_gmt":"2025-04-15T18:37:34","slug":"919-vip-rosa","status":"publish","type":"product","link":"https:\/\/darka.cl\/index.php\/producto\/919-vip-rosa\/","title":{"rendered":"919 VIP ROSA"},"content":{"rendered":"<p>El perfume abre con una nota efervescente de champa\u00f1a ros\u00e9, lo que le da una sensaci\u00f3n festiva y lujosa desde el primer momento. Esta nota inicial es fresca y chispeante, evocando celebraciones y momentos especiales. Luego, se desvela un coraz\u00f3n de flor de duraznero que a\u00f1ade un toque femenino y elegante, mezclando la dulzura frutal con la suavidad floral. La fragancia se asienta finalmente en una base de madera de \u00e1mbar y almizcle blanco, que le proporciona calidez y una sensualidad duradera.<\/p>\n","protected":false},"excerpt":{"rendered":"<p>Eau de Parfum 100 ml.<\/p>\n","protected":false},"featured_media":1963,"comment_status":"open","ping_status":"closed","template":"","meta":[],"product_brand":[],"product_cat":[29],"product_tag":[],"class_list":{"0":"post-1962","1":"product","2":"type-product","3":"status-publish","4":"has-post-thumbnail","6":"product_cat-perfumes-de-mujer","8":"first","9":"outofstock","10":"sale","11":"taxable","12":"shipping-taxable","13":"purchasable","14":"product-type-simple"},"_links":{"self":[{"href":"https:\/\/darka.cl\/index.php\/wp-json\/wp\/v2\/product\/1962","targetHints":{"allow":["GET"]}}],"collection":[{"href":"https:\/\/darka.cl\/index.php\/wp-json\/wp\/v2\/product"}],"about":[{"href":"https:\/\/darka.cl\/index.php\/wp-json\/wp\/v2\/types\/product"}],"replies":[{"embeddable":true,"href":"https:\/\/darka.cl\/index.php\/wp-json\/wp\/v2\/comments?post=1962"}],"wp:featuredmedia":[{"embeddable":true,"href":"https:\/\/darka.cl\/index.php\/wp-json\/wp\/v2\/media\/1963"}],"wp:attachment":[{"href":"https:\/\/darka.cl\/index.php\/wp-json\/wp\/v2\/media?parent=1962"}],"wp:term":[{"taxonomy":"product_brand","embeddable":true,"href":"https:\/\/darka.cl\/index.php\/wp-json\/wp\/v2\/product_brand?post=1962"},{"taxonomy":"product_cat","embeddable":true,"href":"https:\/\/darka.cl\/index.php\/wp-json\/wp\/v2\/product_cat?post=1962"},{"taxonomy":"product_tag","embeddable":true,"href":"https:\/\/darka.cl\/index.php\/wp-json\/wp\/v2\/product_tag?post=1962"}],"curies":[{"name":"wp","href":"https:\/\/api.w.org\/{rel}","templated":true}]}}