{"id":2117,"date":"2024-12-08T11:57:10","date_gmt":"2024-12-08T15:57:10","guid":{"rendered":"https:\/\/darka.cl\/?post_type=product&#038;p=2117"},"modified":"2026-04-08T21:14:07","modified_gmt":"2026-04-09T01:14:07","slug":"vigorous-pour-homme","status":"publish","type":"product","link":"https:\/\/darka.cl\/index.php\/producto\/vigorous-pour-homme\/","title":{"rendered":"VIGOROUS POUR HOMME"},"content":{"rendered":"<p>Vigorous se abre con una explosi\u00f3n de frescura gracias a las notas de salida de menta, manzana verde y lim\u00f3n, que le otorgan un comienzo vibrante y energ\u00e9tico. En el coraz\u00f3n de la fragancia, se encuentran notas m\u00e1s c\u00e1lidas y sensuales de haba tonka, geranio y ambroxan, que a\u00f1aden profundidad y un toque de misterio. Finalmente, la base se compone de notas amaderadas de vainilla de Madagascar, vetiver, musgo de roble y cedro, que aportan una sensaci\u00f3n de calidez y masculinidad duradera.<\/p>\n<p>Inspirado en Versace Eros<\/p>\n","protected":false},"excerpt":{"rendered":"<p>Eau de Parfum 100 ml<\/p>\n","protected":false},"featured_media":2118,"comment_status":"open","ping_status":"closed","template":"","meta":[],"product_brand":[],"product_cat":[23],"product_tag":[],"class_list":{"0":"post-2117","1":"product","2":"type-product","3":"status-publish","4":"has-post-thumbnail","6":"product_cat-hombres","8":"first","9":"instock","10":"sale","11":"taxable","12":"shipping-taxable","13":"purchasable","14":"product-type-simple"},"_links":{"self":[{"href":"https:\/\/darka.cl\/index.php\/wp-json\/wp\/v2\/product\/2117","targetHints":{"allow":["GET"]}}],"collection":[{"href":"https:\/\/darka.cl\/index.php\/wp-json\/wp\/v2\/product"}],"about":[{"href":"https:\/\/darka.cl\/index.php\/wp-json\/wp\/v2\/types\/product"}],"replies":[{"embeddable":true,"href":"https:\/\/darka.cl\/index.php\/wp-json\/wp\/v2\/comments?post=2117"}],"wp:featuredmedia":[{"embeddable":true,"href":"https:\/\/darka.cl\/index.php\/wp-json\/wp\/v2\/media\/2118"}],"wp:attachment":[{"href":"https:\/\/darka.cl\/index.php\/wp-json\/wp\/v2\/media?parent=2117"}],"wp:term":[{"taxonomy":"product_brand","embeddable":true,"href":"https:\/\/darka.cl\/index.php\/wp-json\/wp\/v2\/product_brand?post=2117"},{"taxonomy":"product_cat","embeddable":true,"href":"https:\/\/darka.cl\/index.php\/wp-json\/wp\/v2\/product_cat?post=2117"},{"taxonomy":"product_tag","embeddable":true,"href":"https:\/\/darka.cl\/index.php\/wp-json\/wp\/v2\/product_tag?post=2117"}],"curies":[{"name":"wp","href":"https:\/\/api.w.org\/{rel}","templated":true}]}}