{"id":2125,"date":"2024-12-08T13:03:01","date_gmt":"2024-12-08T17:03:01","guid":{"rendered":"https:\/\/darka.cl\/?post_type=product&#038;p=2125"},"modified":"2026-03-10T11:01:29","modified_gmt":"2026-03-10T15:01:29","slug":"unicorn-vanna-carousel","status":"publish","type":"product","link":"https:\/\/darka.cl\/index.php\/producto\/unicorn-vanna-carousel\/","title":{"rendered":"UNICORN VANNA CAROUSEL"},"content":{"rendered":"<p>Unicorn es una fragancia m\u00e1gica y so\u00f1adora que combina notas afrutadas de grosella negra y lichi con un coraz\u00f3n floral de jazm\u00edn y flor de loto. Su base de cedro y musgo le da un toque c\u00e1lido y envolvente. Con un frasco encantador adornado con un unicornio dorado y una fragancia que deja brillos en piel, es perfecta para mujeres rom\u00e1nticas y amantes de la fantas\u00eda. Unicorn transforma cada d\u00eda en un cuento de hadas<\/p>\n","protected":false},"excerpt":{"rendered":"<p>Eau de Parfum Shimmer 100 ml<\/p>\n","protected":false},"featured_media":2128,"comment_status":"open","ping_status":"closed","template":"","meta":[],"product_brand":[],"product_cat":[29],"product_tag":[],"class_list":{"0":"post-2125","1":"product","2":"type-product","3":"status-publish","4":"has-post-thumbnail","6":"product_cat-perfumes-de-mujer","8":"first","9":"instock","10":"sale","11":"taxable","12":"shipping-taxable","13":"purchasable","14":"product-type-simple"},"_links":{"self":[{"href":"https:\/\/darka.cl\/index.php\/wp-json\/wp\/v2\/product\/2125","targetHints":{"allow":["GET"]}}],"collection":[{"href":"https:\/\/darka.cl\/index.php\/wp-json\/wp\/v2\/product"}],"about":[{"href":"https:\/\/darka.cl\/index.php\/wp-json\/wp\/v2\/types\/product"}],"replies":[{"embeddable":true,"href":"https:\/\/darka.cl\/index.php\/wp-json\/wp\/v2\/comments?post=2125"}],"wp:featuredmedia":[{"embeddable":true,"href":"https:\/\/darka.cl\/index.php\/wp-json\/wp\/v2\/media\/2128"}],"wp:attachment":[{"href":"https:\/\/darka.cl\/index.php\/wp-json\/wp\/v2\/media?parent=2125"}],"wp:term":[{"taxonomy":"product_brand","embeddable":true,"href":"https:\/\/darka.cl\/index.php\/wp-json\/wp\/v2\/product_brand?post=2125"},{"taxonomy":"product_cat","embeddable":true,"href":"https:\/\/darka.cl\/index.php\/wp-json\/wp\/v2\/product_cat?post=2125"},{"taxonomy":"product_tag","embeddable":true,"href":"https:\/\/darka.cl\/index.php\/wp-json\/wp\/v2\/product_tag?post=2125"}],"curies":[{"name":"wp","href":"https:\/\/api.w.org\/{rel}","templated":true}]}}