{"id":2147,"date":"2024-12-09T00:03:54","date_gmt":"2024-12-09T04:03:54","guid":{"rendered":"https:\/\/darka.cl\/?post_type=product&#038;p=2147"},"modified":"2026-03-09T17:04:15","modified_gmt":"2026-03-09T21:04:15","slug":"sweet-candy","status":"publish","type":"product","link":"https:\/\/darka.cl\/index.php\/producto\/sweet-candy\/","title":{"rendered":"SWEET SWEETY"},"content":{"rendered":"<p>Sweet Sweety es una fragancia dulce y juguetona, ideal para mujeres j\u00f3venes y divertidas. Con notas de salida de baya roja, c\u00edtricos y az\u00facar, un coraz\u00f3n floral de jazm\u00edn y rosa, y una base cremosa de vainilla y s\u00e1ndalo, es un perfume encantador y cautivador. Su frasco, dise\u00f1ado como un dulce envuelto, refleja perfectamente su esencia. Sweet Candy es el aroma perfecto para quienes buscan una fragancia dulce, fresca y femenina.<\/p>\n","protected":false},"excerpt":{"rendered":"<p>Eau de Parfum 100ml.<\/p>\n","protected":false},"featured_media":2148,"comment_status":"open","ping_status":"closed","template":"","meta":[],"product_brand":[],"product_cat":[29],"product_tag":[],"class_list":{"0":"post-2147","1":"product","2":"type-product","3":"status-publish","4":"has-post-thumbnail","6":"product_cat-perfumes-de-mujer","8":"first","9":"instock","10":"sale","11":"taxable","12":"shipping-taxable","13":"purchasable","14":"product-type-simple"},"_links":{"self":[{"href":"https:\/\/darka.cl\/index.php\/wp-json\/wp\/v2\/product\/2147","targetHints":{"allow":["GET"]}}],"collection":[{"href":"https:\/\/darka.cl\/index.php\/wp-json\/wp\/v2\/product"}],"about":[{"href":"https:\/\/darka.cl\/index.php\/wp-json\/wp\/v2\/types\/product"}],"replies":[{"embeddable":true,"href":"https:\/\/darka.cl\/index.php\/wp-json\/wp\/v2\/comments?post=2147"}],"wp:featuredmedia":[{"embeddable":true,"href":"https:\/\/darka.cl\/index.php\/wp-json\/wp\/v2\/media\/2148"}],"wp:attachment":[{"href":"https:\/\/darka.cl\/index.php\/wp-json\/wp\/v2\/media?parent=2147"}],"wp:term":[{"taxonomy":"product_brand","embeddable":true,"href":"https:\/\/darka.cl\/index.php\/wp-json\/wp\/v2\/product_brand?post=2147"},{"taxonomy":"product_cat","embeddable":true,"href":"https:\/\/darka.cl\/index.php\/wp-json\/wp\/v2\/product_cat?post=2147"},{"taxonomy":"product_tag","embeddable":true,"href":"https:\/\/darka.cl\/index.php\/wp-json\/wp\/v2\/product_tag?post=2147"}],"curies":[{"name":"wp","href":"https:\/\/api.w.org\/{rel}","templated":true}]}}