{"id":2196,"date":"2024-12-10T19:47:48","date_gmt":"2024-12-10T23:47:48","guid":{"rendered":"https:\/\/darka.cl\/?post_type=product&#038;p=2196"},"modified":"2026-04-08T20:53:25","modified_gmt":"2026-04-09T00:53:25","slug":"1-billion","status":"publish","type":"product","link":"https:\/\/darka.cl\/index.php\/producto\/1-billion\/","title":{"rendered":"1 BILLION"},"content":{"rendered":"<p>Una fragancia ic\u00f3nica y atrevida con notas de mandarina, canela y cuero. Ideal para hombres carism\u00e1ticos que buscan lujo y seducci\u00f3n en cada momento. \u00a1S\u00e9 el centro de todas las miradas con 1 Billion!<\/p>\n","protected":false},"excerpt":{"rendered":"<p>Eau de Parfum 100ml.<\/p>\n","protected":false},"featured_media":2201,"comment_status":"open","ping_status":"closed","template":"","meta":[],"product_brand":[],"product_cat":[23],"product_tag":[],"class_list":{"0":"post-2196","1":"product","2":"type-product","3":"status-publish","4":"has-post-thumbnail","6":"product_cat-hombres","8":"first","9":"instock","10":"sale","11":"taxable","12":"shipping-taxable","13":"purchasable","14":"product-type-simple"},"_links":{"self":[{"href":"https:\/\/darka.cl\/index.php\/wp-json\/wp\/v2\/product\/2196","targetHints":{"allow":["GET"]}}],"collection":[{"href":"https:\/\/darka.cl\/index.php\/wp-json\/wp\/v2\/product"}],"about":[{"href":"https:\/\/darka.cl\/index.php\/wp-json\/wp\/v2\/types\/product"}],"replies":[{"embeddable":true,"href":"https:\/\/darka.cl\/index.php\/wp-json\/wp\/v2\/comments?post=2196"}],"wp:featuredmedia":[{"embeddable":true,"href":"https:\/\/darka.cl\/index.php\/wp-json\/wp\/v2\/media\/2201"}],"wp:attachment":[{"href":"https:\/\/darka.cl\/index.php\/wp-json\/wp\/v2\/media?parent=2196"}],"wp:term":[{"taxonomy":"product_brand","embeddable":true,"href":"https:\/\/darka.cl\/index.php\/wp-json\/wp\/v2\/product_brand?post=2196"},{"taxonomy":"product_cat","embeddable":true,"href":"https:\/\/darka.cl\/index.php\/wp-json\/wp\/v2\/product_cat?post=2196"},{"taxonomy":"product_tag","embeddable":true,"href":"https:\/\/darka.cl\/index.php\/wp-json\/wp\/v2\/product_tag?post=2196"}],"curies":[{"name":"wp","href":"https:\/\/api.w.org\/{rel}","templated":true}]}}