{"id":2269,"date":"2024-12-12T00:26:55","date_gmt":"2024-12-12T04:26:55","guid":{"rendered":"https:\/\/darka.cl\/?post_type=product&#038;p=2269"},"modified":"2026-04-08T20:57:06","modified_gmt":"2026-04-09T00:57:06","slug":"7-7-castano-caramelo","status":"publish","type":"product","link":"https:\/\/darka.cl\/index.php\/producto\/7-7-castano-caramelo\/","title":{"rendered":"7.7 CASTA\u00d1O CARAMELO"},"content":{"rendered":"<p>\u00abCor Intensa: \u00a1Color intenso y cuidado en un solo producto! Ideal para retoques de ra\u00edz o para un cambio de look completo. Su f\u00f3rmula enriquecida con aceites de flores protege y nutre tu cabello, dej\u00e1ndolo suave y brillante.\u00bb<\/p>\n","protected":false},"excerpt":{"rendered":"<p>Coloraci\u00f3n en crema<\/p>\n","protected":false},"featured_media":2270,"comment_status":"open","ping_status":"closed","template":"","meta":[],"product_brand":[],"product_cat":[65],"product_tag":[],"class_list":{"0":"post-2269","1":"product","2":"type-product","3":"status-publish","4":"has-post-thumbnail","6":"product_cat-coloracion","8":"first","9":"instock","10":"taxable","11":"shipping-taxable","12":"purchasable","13":"product-type-simple"},"_links":{"self":[{"href":"https:\/\/darka.cl\/index.php\/wp-json\/wp\/v2\/product\/2269","targetHints":{"allow":["GET"]}}],"collection":[{"href":"https:\/\/darka.cl\/index.php\/wp-json\/wp\/v2\/product"}],"about":[{"href":"https:\/\/darka.cl\/index.php\/wp-json\/wp\/v2\/types\/product"}],"replies":[{"embeddable":true,"href":"https:\/\/darka.cl\/index.php\/wp-json\/wp\/v2\/comments?post=2269"}],"wp:featuredmedia":[{"embeddable":true,"href":"https:\/\/darka.cl\/index.php\/wp-json\/wp\/v2\/media\/2270"}],"wp:attachment":[{"href":"https:\/\/darka.cl\/index.php\/wp-json\/wp\/v2\/media?parent=2269"}],"wp:term":[{"taxonomy":"product_brand","embeddable":true,"href":"https:\/\/darka.cl\/index.php\/wp-json\/wp\/v2\/product_brand?post=2269"},{"taxonomy":"product_cat","embeddable":true,"href":"https:\/\/darka.cl\/index.php\/wp-json\/wp\/v2\/product_cat?post=2269"},{"taxonomy":"product_tag","embeddable":true,"href":"https:\/\/darka.cl\/index.php\/wp-json\/wp\/v2\/product_tag?post=2269"}],"curies":[{"name":"wp","href":"https:\/\/api.w.org\/{rel}","templated":true}]}}