{"id":2351,"date":"2025-01-29T18:32:46","date_gmt":"2025-01-29T22:32:46","guid":{"rendered":"https:\/\/darka.cl\/?post_type=product&#038;p=2351"},"modified":"2025-04-15T14:14:40","modified_gmt":"2025-04-15T18:14:40","slug":"romantic-robot","status":"publish","type":"product","link":"https:\/\/darka.cl\/index.php\/producto\/romantic-robot\/","title":{"rendered":"ROMANTIC ROBOTIC"},"content":{"rendered":"<p>Esta fragancia representa el lado misterioso y audaz del hombre contempor\u00e1neo.<\/p>\n<p>Las notas de salida incluyen lavanda y lim\u00f3n, que aportan una frescura inicial y vibrante. En el coraz\u00f3n, encontramos notas de madera de cedro y lavanda ahumada, que a\u00f1aden un toque arom\u00e1tico y distintivo. La base est\u00e1 compuesta por notas de pachul\u00ed y vainilla negra, que brindan una sensaci\u00f3n c\u00e1lida y adictiva.<\/p>\n","protected":false},"excerpt":{"rendered":"<p>Eau de Parfum 100ml.<\/p>\n","protected":false},"featured_media":2352,"comment_status":"open","ping_status":"closed","template":"","meta":[],"product_brand":[],"product_cat":[23],"product_tag":[],"class_list":{"0":"post-2351","1":"product","2":"type-product","3":"status-publish","4":"has-post-thumbnail","6":"product_cat-hombres","8":"first","9":"outofstock","10":"sale","11":"taxable","12":"shipping-taxable","13":"purchasable","14":"product-type-simple"},"_links":{"self":[{"href":"https:\/\/darka.cl\/index.php\/wp-json\/wp\/v2\/product\/2351","targetHints":{"allow":["GET"]}}],"collection":[{"href":"https:\/\/darka.cl\/index.php\/wp-json\/wp\/v2\/product"}],"about":[{"href":"https:\/\/darka.cl\/index.php\/wp-json\/wp\/v2\/types\/product"}],"replies":[{"embeddable":true,"href":"https:\/\/darka.cl\/index.php\/wp-json\/wp\/v2\/comments?post=2351"}],"wp:featuredmedia":[{"embeddable":true,"href":"https:\/\/darka.cl\/index.php\/wp-json\/wp\/v2\/media\/2352"}],"wp:attachment":[{"href":"https:\/\/darka.cl\/index.php\/wp-json\/wp\/v2\/media?parent=2351"}],"wp:term":[{"taxonomy":"product_brand","embeddable":true,"href":"https:\/\/darka.cl\/index.php\/wp-json\/wp\/v2\/product_brand?post=2351"},{"taxonomy":"product_cat","embeddable":true,"href":"https:\/\/darka.cl\/index.php\/wp-json\/wp\/v2\/product_cat?post=2351"},{"taxonomy":"product_tag","embeddable":true,"href":"https:\/\/darka.cl\/index.php\/wp-json\/wp\/v2\/product_tag?post=2351"}],"curies":[{"name":"wp","href":"https:\/\/api.w.org\/{rel}","templated":true}]}}