{"id":2469,"date":"2025-03-08T16:48:49","date_gmt":"2025-03-08T20:48:49","guid":{"rendered":"https:\/\/darka.cl\/?post_type=product&#038;p=2469"},"modified":"2026-03-10T10:56:06","modified_gmt":"2026-03-10T14:56:06","slug":"romantic-girl","status":"publish","type":"product","link":"https:\/\/darka.cl\/index.php\/producto\/romantic-girl\/","title":{"rendered":"ROMANTIC GIRL"},"content":{"rendered":"<p>Romantic Girl es una fragancia fresca y vibrante. Combina notas c\u00edtricas de mandarina y manzana con un coraz\u00f3n floral de rosa, lirio y jazm\u00edn, sobre una base de cedro y s\u00e1ndalo. Su aroma es juvenil, energ\u00e9tico y vers\u00e1til, ideal para el d\u00eda a d\u00eda. Perfecta para mujeres que buscan una fragancia ligera, femenina y atemporal.<\/p>\n","protected":false},"excerpt":{"rendered":"<p>Eau de Parfum 100 ml.<\/p>\n","protected":false},"featured_media":2473,"comment_status":"open","ping_status":"closed","template":"","meta":[],"product_brand":[],"product_cat":[29],"product_tag":[],"class_list":{"0":"post-2469","1":"product","2":"type-product","3":"status-publish","4":"has-post-thumbnail","6":"product_cat-perfumes-de-mujer","8":"first","9":"instock","10":"sale","11":"taxable","12":"shipping-taxable","13":"purchasable","14":"product-type-simple"},"_links":{"self":[{"href":"https:\/\/darka.cl\/index.php\/wp-json\/wp\/v2\/product\/2469","targetHints":{"allow":["GET"]}}],"collection":[{"href":"https:\/\/darka.cl\/index.php\/wp-json\/wp\/v2\/product"}],"about":[{"href":"https:\/\/darka.cl\/index.php\/wp-json\/wp\/v2\/types\/product"}],"replies":[{"embeddable":true,"href":"https:\/\/darka.cl\/index.php\/wp-json\/wp\/v2\/comments?post=2469"}],"wp:featuredmedia":[{"embeddable":true,"href":"https:\/\/darka.cl\/index.php\/wp-json\/wp\/v2\/media\/2473"}],"wp:attachment":[{"href":"https:\/\/darka.cl\/index.php\/wp-json\/wp\/v2\/media?parent=2469"}],"wp:term":[{"taxonomy":"product_brand","embeddable":true,"href":"https:\/\/darka.cl\/index.php\/wp-json\/wp\/v2\/product_brand?post=2469"},{"taxonomy":"product_cat","embeddable":true,"href":"https:\/\/darka.cl\/index.php\/wp-json\/wp\/v2\/product_cat?post=2469"},{"taxonomy":"product_tag","embeddable":true,"href":"https:\/\/darka.cl\/index.php\/wp-json\/wp\/v2\/product_tag?post=2469"}],"curies":[{"name":"wp","href":"https:\/\/api.w.org\/{rel}","templated":true}]}}