{"id":2781,"date":"2025-11-08T23:18:15","date_gmt":"2025-11-09T03:18:15","guid":{"rendered":"https:\/\/darka.cl\/?post_type=product&#038;p=2781"},"modified":"2026-04-08T21:04:05","modified_gmt":"2026-04-09T01:04:05","slug":"hombre-eau-de-parfum","status":"publish","type":"product","link":"https:\/\/darka.cl\/index.php\/producto\/hombre-eau-de-parfum\/","title":{"rendered":"HOMBRE EAU DE PARFUM"},"content":{"rendered":"<p>Con Hombre Eau de Parfum expr\u00e9sate con elegancia, deja que cada momento hable por ti. Las notas de salida de bergamota envuelven con su frescura c\u00edtrica, creando una entrada vibrante y energ\u00e9tica. Las notas de coraz\u00f3n de coco aporta una suavidad cremosa y envolvente, mientras que las notas de fondo de haba tonka ofrecen una sensualidad c\u00e1lida y profunda, dejando una estela irresistible que perdura.<\/p>\n","protected":false},"excerpt":{"rendered":"<p>Eau de Parfum 100ml.<\/p>\n","protected":false},"featured_media":2782,"comment_status":"open","ping_status":"closed","template":"","meta":[],"product_brand":[],"product_cat":[23],"product_tag":[],"class_list":{"0":"post-2781","1":"product","2":"type-product","3":"status-publish","4":"has-post-thumbnail","6":"product_cat-hombres","8":"first","9":"instock","10":"sale","11":"taxable","12":"shipping-taxable","13":"purchasable","14":"product-type-simple"},"_links":{"self":[{"href":"https:\/\/darka.cl\/index.php\/wp-json\/wp\/v2\/product\/2781","targetHints":{"allow":["GET"]}}],"collection":[{"href":"https:\/\/darka.cl\/index.php\/wp-json\/wp\/v2\/product"}],"about":[{"href":"https:\/\/darka.cl\/index.php\/wp-json\/wp\/v2\/types\/product"}],"replies":[{"embeddable":true,"href":"https:\/\/darka.cl\/index.php\/wp-json\/wp\/v2\/comments?post=2781"}],"wp:featuredmedia":[{"embeddable":true,"href":"https:\/\/darka.cl\/index.php\/wp-json\/wp\/v2\/media\/2782"}],"wp:attachment":[{"href":"https:\/\/darka.cl\/index.php\/wp-json\/wp\/v2\/media?parent=2781"}],"wp:term":[{"taxonomy":"product_brand","embeddable":true,"href":"https:\/\/darka.cl\/index.php\/wp-json\/wp\/v2\/product_brand?post=2781"},{"taxonomy":"product_cat","embeddable":true,"href":"https:\/\/darka.cl\/index.php\/wp-json\/wp\/v2\/product_cat?post=2781"},{"taxonomy":"product_tag","embeddable":true,"href":"https:\/\/darka.cl\/index.php\/wp-json\/wp\/v2\/product_tag?post=2781"}],"curies":[{"name":"wp","href":"https:\/\/api.w.org\/{rel}","templated":true}]}}