{"id":2935,"date":"2026-05-04T20:17:19","date_gmt":"2026-05-05T00:17:19","guid":{"rendered":"https:\/\/darka.cl\/?post_type=product&#038;p=2935"},"modified":"2026-05-04T20:17:27","modified_gmt":"2026-05-05T00:17:27","slug":"night-code-prive","status":"publish","type":"product","link":"https:\/\/darka.cl\/index.php\/producto\/night-code-prive\/","title":{"rendered":"NIGHT CODE PRIVE"},"content":{"rendered":"<p><strong>ORIENTAL ESPECIADO \u2014 100 ML<\/strong><\/p>\n<p>Night Code Priv\u00e9 es una fragancia intensa y seductora que combina una apertura c\u00edtrica vibrante con un coraz\u00f3n especiado y elegante. Su fondo c\u00e1lido y dulce aporta profundidad y un car\u00e1cter irresistible, ideal para hombres que buscan un aroma nocturno, sofisticado y con fuerte presencia.<\/p>\n<hr style=\"border: none; border-top: 1px solid #e5e5e5; margin: 18px 0;\" \/>\n<p><strong>Pir\u00e1mide Olfativa<\/strong><\/p>\n<p><strong>Notas de salida<\/strong><\/p>\n<ul>\n<li>Mandarina verde<\/li>\n<li>Manzana<\/li>\n<li>Cardamomo<\/li>\n<\/ul>\n<p><strong>Notas de coraz\u00f3n<\/strong><\/p>\n<ul>\n<li>Flor de azahar del naranjo<\/li>\n<li>Nuez moscada<\/li>\n<li>Lavanda<\/li>\n<\/ul>\n<p><strong>Notas de fondo<\/strong><\/p>\n<ul>\n<li>Haba tonka<\/li>\n<li>\u00c1mbar<\/li>\n<li>Cuero<\/li>\n<\/ul>\n<hr style=\"border: none; border-top: 1px solid #e5e5e5; margin: 18px 0;\" \/>\n<p><strong>Perfil Arom\u00e1tico<\/strong><\/p>\n<p>Dulce \u2022 Especiado \u2022 Ambarado \u2022 Intenso \u2022 Nocturno \u2022 Elegante \u2022 Seductor<\/p>\n<hr style=\"border: none; border-top: 1px solid #e5e5e5; margin: 18px 0;\" \/>\n<p><strong>Presentaci\u00f3n<\/strong><\/p>\n<p>Contenido: <strong>100 ML<\/strong><\/p>\n","protected":false},"excerpt":{"rendered":"<p>Eau de Parfum 100ml.<\/p>\n","protected":false},"featured_media":2936,"comment_status":"open","ping_status":"closed","template":"","meta":[],"product_brand":[],"product_cat":[23],"product_tag":[],"class_list":{"0":"post-2935","1":"product","2":"type-product","3":"status-publish","4":"has-post-thumbnail","6":"product_cat-hombres","8":"first","9":"instock","10":"sale","11":"taxable","12":"shipping-taxable","13":"purchasable","14":"product-type-simple"},"_links":{"self":[{"href":"https:\/\/darka.cl\/index.php\/wp-json\/wp\/v2\/product\/2935","targetHints":{"allow":["GET"]}}],"collection":[{"href":"https:\/\/darka.cl\/index.php\/wp-json\/wp\/v2\/product"}],"about":[{"href":"https:\/\/darka.cl\/index.php\/wp-json\/wp\/v2\/types\/product"}],"replies":[{"embeddable":true,"href":"https:\/\/darka.cl\/index.php\/wp-json\/wp\/v2\/comments?post=2935"}],"wp:featuredmedia":[{"embeddable":true,"href":"https:\/\/darka.cl\/index.php\/wp-json\/wp\/v2\/media\/2936"}],"wp:attachment":[{"href":"https:\/\/darka.cl\/index.php\/wp-json\/wp\/v2\/media?parent=2935"}],"wp:term":[{"taxonomy":"product_brand","embeddable":true,"href":"https:\/\/darka.cl\/index.php\/wp-json\/wp\/v2\/product_brand?post=2935"},{"taxonomy":"product_cat","embeddable":true,"href":"https:\/\/darka.cl\/index.php\/wp-json\/wp\/v2\/product_cat?post=2935"},{"taxonomy":"product_tag","embeddable":true,"href":"https:\/\/darka.cl\/index.php\/wp-json\/wp\/v2\/product_tag?post=2935"}],"curies":[{"name":"wp","href":"https:\/\/api.w.org\/{rel}","templated":true}]}}