{"id":2941,"date":"2026-05-04T20:49:15","date_gmt":"2026-05-05T00:49:15","guid":{"rendered":"https:\/\/darka.cl\/?post_type=product&#038;p=2941"},"modified":"2026-05-04T20:49:23","modified_gmt":"2026-05-05T00:49:23","slug":"love-more","status":"publish","type":"product","link":"https:\/\/darka.cl\/index.php\/producto\/love-more\/","title":{"rendered":"LOVE MORE"},"content":{"rendered":"<p><strong>FLORAL \u2014 100 ML<\/strong><\/p>\n<p>Love More es una fragancia elegante y luminosa que combina una salida fresca y delicada con un coraz\u00f3n floral sofisticado. Su fondo suave y envolvente aporta feminidad y distinci\u00f3n, ideal para mujeres que buscan un aroma cl\u00e1sico, refinado y atemporal.<\/p>\n<hr style=\"border: none; border-top: 1px solid #e5e5e5; margin: 18px 0;\" \/>\n<p><strong>Pir\u00e1mide Olfativa<\/strong><\/p>\n<p><strong>Notas de salida<\/strong><\/p>\n<ul>\n<li>Pera<\/li>\n<li>Mel\u00f3n<\/li>\n<li>Magnolia<\/li>\n<li>Bergamota<\/li>\n<li>Mandarina<\/li>\n<\/ul>\n<p><strong>Notas de coraz\u00f3n<\/strong><\/p>\n<ul>\n<li>Jazm\u00edn<\/li>\n<li>Rosa<\/li>\n<li>Lirio de los valles<\/li>\n<li>Nardos<\/li>\n<li>Orqu\u00eddea<\/li>\n<\/ul>\n<p><strong>Notas de fondo<\/strong><\/p>\n<ul>\n<li>Almizcle<\/li>\n<li>Vainilla<\/li>\n<li>Cedro<\/li>\n<\/ul>\n<hr style=\"border: none; border-top: 1px solid #e5e5e5; margin: 18px 0;\" \/>\n<p><strong>Perfil Arom\u00e1tico<\/strong><\/p>\n<p>Floral \u2022 Fresco \u2022 Elegante \u2022 Femenino \u2022 Luminoso \u2022 Cl\u00e1sico \u2022 Sofisticado<\/p>\n<hr style=\"border: none; border-top: 1px solid #e5e5e5; margin: 18px 0;\" \/>\n<p><strong>Presentaci\u00f3n<\/strong><\/p>\n<p>Contenido: <strong>100 ML<\/strong><\/p>\n","protected":false},"excerpt":{"rendered":"<p>Eau de Parfum 100ml.<\/p>\n","protected":false},"featured_media":2942,"comment_status":"open","ping_status":"closed","template":"","meta":[],"product_brand":[],"product_cat":[29],"product_tag":[],"class_list":{"0":"post-2941","1":"product","2":"type-product","3":"status-publish","4":"has-post-thumbnail","6":"product_cat-perfumes-de-mujer","8":"first","9":"instock","10":"sale","11":"taxable","12":"shipping-taxable","13":"purchasable","14":"product-type-simple"},"_links":{"self":[{"href":"https:\/\/darka.cl\/index.php\/wp-json\/wp\/v2\/product\/2941","targetHints":{"allow":["GET"]}}],"collection":[{"href":"https:\/\/darka.cl\/index.php\/wp-json\/wp\/v2\/product"}],"about":[{"href":"https:\/\/darka.cl\/index.php\/wp-json\/wp\/v2\/types\/product"}],"replies":[{"embeddable":true,"href":"https:\/\/darka.cl\/index.php\/wp-json\/wp\/v2\/comments?post=2941"}],"wp:featuredmedia":[{"embeddable":true,"href":"https:\/\/darka.cl\/index.php\/wp-json\/wp\/v2\/media\/2942"}],"wp:attachment":[{"href":"https:\/\/darka.cl\/index.php\/wp-json\/wp\/v2\/media?parent=2941"}],"wp:term":[{"taxonomy":"product_brand","embeddable":true,"href":"https:\/\/darka.cl\/index.php\/wp-json\/wp\/v2\/product_brand?post=2941"},{"taxonomy":"product_cat","embeddable":true,"href":"https:\/\/darka.cl\/index.php\/wp-json\/wp\/v2\/product_cat?post=2941"},{"taxonomy":"product_tag","embeddable":true,"href":"https:\/\/darka.cl\/index.php\/wp-json\/wp\/v2\/product_tag?post=2941"}],"curies":[{"name":"wp","href":"https:\/\/api.w.org\/{rel}","templated":true}]}}