{"id":3038,"date":"2026-05-11T17:51:33","date_gmt":"2026-05-11T21:51:33","guid":{"rendered":"https:\/\/darka.cl\/?post_type=product&#038;p=3038"},"modified":"2026-05-11T17:51:41","modified_gmt":"2026-05-11T21:51:41","slug":"romantic-bottle","status":"publish","type":"product","link":"https:\/\/darka.cl\/index.php\/producto\/romantic-bottle\/","title":{"rendered":"ROMANTIC BOTTLE"},"content":{"rendered":"<p><strong>AMADERADO ESPECIADO \u2014 100 ML<\/strong><\/p>\n<p>Romantic Bottle es una fragancia elegante y masculina que combina una salida frutal fresca con un coraz\u00f3n c\u00e1lido y especiado lleno de sofisticaci\u00f3n. Su fondo amaderado y avainillado aporta profundidad y sensualidad, ideal para hombres modernos que buscan un aroma vers\u00e1til, cl\u00e1sico y lleno de encanto.<\/p>\n<hr style=\"border: none; border-top: 1px solid #e5e5e5; margin: 18px 0;\" \/>\n<p><strong>Pir\u00e1mide Olfativa<\/strong><\/p>\n<p><strong>Notas de salida<\/strong><\/p>\n<ul>\n<li>Manzana<\/li>\n<li>Bergamota<\/li>\n<li>Ciruela<\/li>\n<li>Lim\u00f3n<\/li>\n<\/ul>\n<p><strong>Notas de coraz\u00f3n<\/strong><\/p>\n<ul>\n<li>Canela<\/li>\n<li>Clavel<\/li>\n<li>Geranio<\/li>\n<li>Caoba<\/li>\n<\/ul>\n<p><strong>Notas de fondo<\/strong><\/p>\n<ul>\n<li>Vainilla<\/li>\n<li>S\u00e1ndalo<\/li>\n<li>Cedro<\/li>\n<li>Vetiver<\/li>\n<li>Olivo<\/li>\n<\/ul>\n<hr style=\"border: none; border-top: 1px solid #e5e5e5; margin: 18px 0;\" \/>\n<p><strong>Perfil Arom\u00e1tico<\/strong><\/p>\n<p>Amaderado \u2022 Especiado \u2022 Masculino \u2022 Elegante \u2022 C\u00e1lido \u2022 Cl\u00e1sico \u2022 Vers\u00e1til<\/p>\n<hr style=\"border: none; border-top: 1px solid #e5e5e5; margin: 18px 0;\" \/>\n<p><strong>Presentaci\u00f3n<\/strong><\/p>\n<p>Contenido: <strong>100 ML<\/strong><\/p>\n","protected":false},"excerpt":{"rendered":"<p>Eau de Parfum 100ml.<\/p>\n","protected":false},"featured_media":3039,"comment_status":"open","ping_status":"closed","template":"","meta":[],"product_brand":[],"product_cat":[23],"product_tag":[],"class_list":{"0":"post-3038","1":"product","2":"type-product","3":"status-publish","4":"has-post-thumbnail","6":"product_cat-hombres","8":"first","9":"instock","10":"sale","11":"taxable","12":"shipping-taxable","13":"purchasable","14":"product-type-simple"},"_links":{"self":[{"href":"https:\/\/darka.cl\/index.php\/wp-json\/wp\/v2\/product\/3038","targetHints":{"allow":["GET"]}}],"collection":[{"href":"https:\/\/darka.cl\/index.php\/wp-json\/wp\/v2\/product"}],"about":[{"href":"https:\/\/darka.cl\/index.php\/wp-json\/wp\/v2\/types\/product"}],"replies":[{"embeddable":true,"href":"https:\/\/darka.cl\/index.php\/wp-json\/wp\/v2\/comments?post=3038"}],"wp:featuredmedia":[{"embeddable":true,"href":"https:\/\/darka.cl\/index.php\/wp-json\/wp\/v2\/media\/3039"}],"wp:attachment":[{"href":"https:\/\/darka.cl\/index.php\/wp-json\/wp\/v2\/media?parent=3038"}],"wp:term":[{"taxonomy":"product_brand","embeddable":true,"href":"https:\/\/darka.cl\/index.php\/wp-json\/wp\/v2\/product_brand?post=3038"},{"taxonomy":"product_cat","embeddable":true,"href":"https:\/\/darka.cl\/index.php\/wp-json\/wp\/v2\/product_cat?post=3038"},{"taxonomy":"product_tag","embeddable":true,"href":"https:\/\/darka.cl\/index.php\/wp-json\/wp\/v2\/product_tag?post=3038"}],"curies":[{"name":"wp","href":"https:\/\/api.w.org\/{rel}","templated":true}]}}