{"id":639,"date":"2023-06-23T06:33:09","date_gmt":"2023-06-23T10:33:09","guid":{"rendered":"https:\/\/darka.cl\/?post_type=product&#038;p=639"},"modified":"2026-03-10T10:46:04","modified_gmt":"2026-03-10T14:46:04","slug":"temperature","status":"publish","type":"product","link":"https:\/\/darka.cl\/index.php\/producto\/temperature\/","title":{"rendered":"FIRENIGHT"},"content":{"rendered":"<p>Esta fragancia se caracteriza por ser una fragancia amaderada, floral y cuero.<\/p>\n<p>Las notas de salida incluyen mandarina, lavanda y notas de hojas verdes, que brindan una sensaci\u00f3n fresca y vibrante. En el coraz\u00f3n de la fragancia se encuentran notas de nuez moscada, violeta y cilantro, que a\u00f1aden un toque especiado y floral. Las notas de base est\u00e1n compuestas por cuero, cedro, \u00e1mbar y haba tonka, proporcionando una base c\u00e1lida, amaderada y masculina.<\/p>\n","protected":false},"excerpt":{"rendered":"<p>Eau de Toilette 100 ml.<\/p>\n","protected":false},"featured_media":1995,"comment_status":"open","ping_status":"closed","template":"","meta":[],"product_brand":[],"product_cat":[23],"product_tag":[],"class_list":{"0":"post-639","1":"product","2":"type-product","3":"status-publish","4":"has-post-thumbnail","6":"product_cat-hombres","8":"first","9":"instock","10":"sale","11":"purchasable","12":"product-type-simple"},"_links":{"self":[{"href":"https:\/\/darka.cl\/index.php\/wp-json\/wp\/v2\/product\/639","targetHints":{"allow":["GET"]}}],"collection":[{"href":"https:\/\/darka.cl\/index.php\/wp-json\/wp\/v2\/product"}],"about":[{"href":"https:\/\/darka.cl\/index.php\/wp-json\/wp\/v2\/types\/product"}],"replies":[{"embeddable":true,"href":"https:\/\/darka.cl\/index.php\/wp-json\/wp\/v2\/comments?post=639"}],"wp:featuredmedia":[{"embeddable":true,"href":"https:\/\/darka.cl\/index.php\/wp-json\/wp\/v2\/media\/1995"}],"wp:attachment":[{"href":"https:\/\/darka.cl\/index.php\/wp-json\/wp\/v2\/media?parent=639"}],"wp:term":[{"taxonomy":"product_brand","embeddable":true,"href":"https:\/\/darka.cl\/index.php\/wp-json\/wp\/v2\/product_brand?post=639"},{"taxonomy":"product_cat","embeddable":true,"href":"https:\/\/darka.cl\/index.php\/wp-json\/wp\/v2\/product_cat?post=639"},{"taxonomy":"product_tag","embeddable":true,"href":"https:\/\/darka.cl\/index.php\/wp-json\/wp\/v2\/product_tag?post=639"}],"curies":[{"name":"wp","href":"https:\/\/api.w.org\/{rel}","templated":true}]}}