{"id":804,"date":"2023-06-24T03:24:11","date_gmt":"2023-06-24T07:24:11","guid":{"rendered":"https:\/\/darka.cl\/?post_type=product&#038;p=804"},"modified":"2025-04-15T16:06:28","modified_gmt":"2025-04-15T20:06:28","slug":"rose-party-pink","status":"publish","type":"product","link":"https:\/\/darka.cl\/index.php\/producto\/rose-party-pink\/","title":{"rendered":"ROSE PARTY PINK"},"content":{"rendered":"<p>Rose Party Pink se caracteriza por su aroma floral y frutal.<\/p>\n<p>Las notas de salida incluyen una combinaci\u00f3n de bergamota, grosella negra y fresa, que aportan una frescura jugosa y energizante. En el coraz\u00f3n de la fragancia, se encuentran las notas de rosa, jazm\u00edn y flor de loto, que le dan un car\u00e1cter floral y femenino. Las notas de fondo est\u00e1n compuestas por una base de s\u00e1ndalo, almizcle y vainilla, que a\u00f1aden calidez y suavidad a la fragancia.<\/p>\n","protected":false},"excerpt":{"rendered":"<p>Eau de Parfum 100 ml.<\/p>\n","protected":false},"featured_media":805,"comment_status":"open","ping_status":"closed","template":"","meta":[],"product_brand":[],"product_cat":[29],"product_tag":[],"class_list":{"0":"post-804","1":"product","2":"type-product","3":"status-publish","4":"has-post-thumbnail","6":"product_cat-perfumes-de-mujer","8":"first","9":"outofstock","10":"sale","11":"purchasable","12":"product-type-simple"},"_links":{"self":[{"href":"https:\/\/darka.cl\/index.php\/wp-json\/wp\/v2\/product\/804","targetHints":{"allow":["GET"]}}],"collection":[{"href":"https:\/\/darka.cl\/index.php\/wp-json\/wp\/v2\/product"}],"about":[{"href":"https:\/\/darka.cl\/index.php\/wp-json\/wp\/v2\/types\/product"}],"replies":[{"embeddable":true,"href":"https:\/\/darka.cl\/index.php\/wp-json\/wp\/v2\/comments?post=804"}],"wp:featuredmedia":[{"embeddable":true,"href":"https:\/\/darka.cl\/index.php\/wp-json\/wp\/v2\/media\/805"}],"wp:attachment":[{"href":"https:\/\/darka.cl\/index.php\/wp-json\/wp\/v2\/media?parent=804"}],"wp:term":[{"taxonomy":"product_brand","embeddable":true,"href":"https:\/\/darka.cl\/index.php\/wp-json\/wp\/v2\/product_brand?post=804"},{"taxonomy":"product_cat","embeddable":true,"href":"https:\/\/darka.cl\/index.php\/wp-json\/wp\/v2\/product_cat?post=804"},{"taxonomy":"product_tag","embeddable":true,"href":"https:\/\/darka.cl\/index.php\/wp-json\/wp\/v2\/product_tag?post=804"}],"curies":[{"name":"wp","href":"https:\/\/api.w.org\/{rel}","templated":true}]}}