{"id":873,"date":"2023-06-27T00:23:40","date_gmt":"2023-06-27T04:23:40","guid":{"rendered":"https:\/\/darka.cl\/?post_type=product&#038;p=873"},"modified":"2026-03-09T16:27:20","modified_gmt":"2026-03-09T20:27:20","slug":"gold-no-1","status":"publish","type":"product","link":"https:\/\/darka.cl\/index.php\/producto\/gold-no-1\/","title":{"rendered":"GOLD NO. 1"},"content":{"rendered":"<p>Esta fragancia oriental amaderada combina notas frescas y especiadas con acordes c\u00e1lidos y sensuales.<\/p>\n<p>Las notas de salida incluyen pomelo, menta y mandarina, que brindan una sensaci\u00f3n refrescante y vibrante. En el coraz\u00f3n, encontramos notas de rosa, canela y especias, que aportan calidez y sensualidad. La base est\u00e1 compuesta por cuero, madera de \u00e1mbar y pachul\u00ed, que a\u00f1aden una dimensi\u00f3n rica y duradera.<\/p>\n","protected":false},"excerpt":{"rendered":"<p>Eau de Toilette 100 ml.<\/p>\n","protected":false},"featured_media":874,"comment_status":"open","ping_status":"closed","template":"","meta":[],"product_brand":[],"product_cat":[23],"product_tag":[],"class_list":{"0":"post-873","1":"product","2":"type-product","3":"status-publish","4":"has-post-thumbnail","6":"product_cat-hombres","8":"first","9":"outofstock","10":"sale","11":"purchasable","12":"product-type-simple"},"_links":{"self":[{"href":"https:\/\/darka.cl\/index.php\/wp-json\/wp\/v2\/product\/873","targetHints":{"allow":["GET"]}}],"collection":[{"href":"https:\/\/darka.cl\/index.php\/wp-json\/wp\/v2\/product"}],"about":[{"href":"https:\/\/darka.cl\/index.php\/wp-json\/wp\/v2\/types\/product"}],"replies":[{"embeddable":true,"href":"https:\/\/darka.cl\/index.php\/wp-json\/wp\/v2\/comments?post=873"}],"wp:featuredmedia":[{"embeddable":true,"href":"https:\/\/darka.cl\/index.php\/wp-json\/wp\/v2\/media\/874"}],"wp:attachment":[{"href":"https:\/\/darka.cl\/index.php\/wp-json\/wp\/v2\/media?parent=873"}],"wp:term":[{"taxonomy":"product_brand","embeddable":true,"href":"https:\/\/darka.cl\/index.php\/wp-json\/wp\/v2\/product_brand?post=873"},{"taxonomy":"product_cat","embeddable":true,"href":"https:\/\/darka.cl\/index.php\/wp-json\/wp\/v2\/product_cat?post=873"},{"taxonomy":"product_tag","embeddable":true,"href":"https:\/\/darka.cl\/index.php\/wp-json\/wp\/v2\/product_tag?post=873"}],"curies":[{"name":"wp","href":"https:\/\/api.w.org\/{rel}","templated":true}]}}