{"id":982,"date":"2023-07-08T01:40:06","date_gmt":"2023-07-08T05:40:06","guid":{"rendered":"https:\/\/darka.cl\/?post_type=product&#038;p=982"},"modified":"2026-05-08T00:53:12","modified_gmt":"2026-05-08T04:53:12","slug":"919-vip","status":"publish","type":"product","link":"https:\/\/darka.cl\/index.php\/producto\/919-vip\/","title":{"rendered":"VIP"},"content":{"rendered":"<p>Es una fragancia oriental y floral, vibrante y sofisticada. Con notas frutales, florales y una base c\u00e1lida, esta fragancia es perfecta para las mujeres que buscan destacar y dejar una impresi\u00f3n duradera.<\/p>\n<p>Abre con notas frescas y frutales de maracuy\u00e1 y ron, que le dan un toque juguet\u00f3n y festivo. En el coraz\u00f3n de la fragancia, se encuentran notas florales como la gardenia y la almendra amarga, que aportan un toque seductor y sofisticado. Las notas de fondo est\u00e1n compuestas por vainilla, haba tonka y notas amaderadas, que le brindan una base c\u00e1lida y duradera.<\/p>\n","protected":false},"excerpt":{"rendered":"<p>Eau de Toilette 100 ml.<\/p>\n","protected":false},"featured_media":983,"comment_status":"open","ping_status":"closed","template":"","meta":[],"product_brand":[],"product_cat":[29],"product_tag":[],"class_list":{"0":"post-982","1":"product","2":"type-product","3":"status-publish","4":"has-post-thumbnail","6":"product_cat-perfumes-de-mujer","8":"first","9":"instock","10":"sale","11":"taxable","12":"shipping-taxable","13":"purchasable","14":"product-type-simple"},"_links":{"self":[{"href":"https:\/\/darka.cl\/index.php\/wp-json\/wp\/v2\/product\/982","targetHints":{"allow":["GET"]}}],"collection":[{"href":"https:\/\/darka.cl\/index.php\/wp-json\/wp\/v2\/product"}],"about":[{"href":"https:\/\/darka.cl\/index.php\/wp-json\/wp\/v2\/types\/product"}],"replies":[{"embeddable":true,"href":"https:\/\/darka.cl\/index.php\/wp-json\/wp\/v2\/comments?post=982"}],"wp:featuredmedia":[{"embeddable":true,"href":"https:\/\/darka.cl\/index.php\/wp-json\/wp\/v2\/media\/983"}],"wp:attachment":[{"href":"https:\/\/darka.cl\/index.php\/wp-json\/wp\/v2\/media?parent=982"}],"wp:term":[{"taxonomy":"product_brand","embeddable":true,"href":"https:\/\/darka.cl\/index.php\/wp-json\/wp\/v2\/product_brand?post=982"},{"taxonomy":"product_cat","embeddable":true,"href":"https:\/\/darka.cl\/index.php\/wp-json\/wp\/v2\/product_cat?post=982"},{"taxonomy":"product_tag","embeddable":true,"href":"https:\/\/darka.cl\/index.php\/wp-json\/wp\/v2\/product_tag?post=982"}],"curies":[{"name":"wp","href":"https:\/\/api.w.org\/{rel}","templated":true}]}}